{"id":10,"date":"2026-03-15T21:35:14","date_gmt":"2026-03-16T00:35:14","guid":{"rendered":"https:\/\/analiseecompare.com.br\/?page_id=10"},"modified":"2026-04-05T22:34:56","modified_gmt":"2026-04-06T01:34:56","slug":"inicio","status":"publish","type":"page","link":"https:\/\/analiseecompare.com.br\/","title":{"rendered":"Analise e Compare"},"content":{"rendered":"\n<div class=\"wp-block-cover is-light\"><img loading=\"lazy\" decoding=\"async\" width=\"1024\" height=\"683\" class=\"wp-block-cover__image-background wp-image-15 size-large\" alt=\"Escolha melhor antes de comprar\" src=\"https:\/\/analiseecompare.com.br\/wp-content\/uploads\/2026\/03\/pexels-n-voitkevich-6214472-1024x683.jpg\" data-object-fit=\"cover\" srcset=\"https:\/\/analiseecompare.com.br\/wp-content\/uploads\/2026\/03\/pexels-n-voitkevich-6214472-1024x683.jpg 1024w, https:\/\/analiseecompare.com.br\/wp-content\/uploads\/2026\/03\/pexels-n-voitkevich-6214472-300x200.jpg 300w, https:\/\/analiseecompare.com.br\/wp-content\/uploads\/2026\/03\/pexels-n-voitkevich-6214472-768x512.jpg 768w, https:\/\/analiseecompare.com.br\/wp-content\/uploads\/2026\/03\/pexels-n-voitkevich-6214472-1536x1024.jpg 1536w, https:\/\/analiseecompare.com.br\/wp-content\/uploads\/2026\/03\/pexels-n-voitkevich-6214472-2048x1365.jpg 2048w\" sizes=\"auto, (max-width: 1024px) 100vw, 1024px\" \/><span aria-hidden=\"true\" class=\"wp-block-cover__background has-background-dim\" style=\"background-color:#b9bbbc\"><\/span><div class=\"wp-block-cover__inner-container is-layout-constrained wp-block-cover-is-layout-constrained\">\n<p class=\"has-text-align-center has-large-font-size\">Escolha melhor antes de comprar<\/p>\n\n\n\n<p><\/p>\n\n\n\n<p><\/p>\n\n\n\n<p>Compara\u00e7\u00f5es e an\u00e1lises para ajudar voc\u00ea a decidir.<\/p>\n\n\n\n<div class=\"wp-block-buttons is-layout-flex wp-block-buttons-is-layout-flex\">\n<div class=\"wp-block-button\"><a class=\"wp-block-button__link wp-element-button\">Ver compara\u00e7\u00f5es<\/a><\/div>\n<\/div>\n\n\n\n<div class=\"wp-block-uagb-buttons uagb-buttons__outer-wrap uagb-btn__default-btn uagb-btn-tablet__default-btn uagb-btn-mobile__default-btn uagb-block-49a9c34f\"><div class=\"uagb-buttons__wrap uagb-buttons-layout-wrap \">\n<div class=\"wp-block-uagb-buttons-child uagb-buttons__outer-wrap uagb-block-926076a0 wp-block-button\"><div class=\"uagb-button__wrapper\"><a class=\"uagb-buttons-repeater wp-block-button__link\" aria-label=\"\" href=\"#\" rel=\"follow noopener\" target=\"_self\" role=\"button\"><div class=\"uagb-button__link\">Click Here<\/div><\/a><\/div><\/div>\n<\/div><\/div>\n<\/div><\/div>\n\n\n\n<p class=\"has-base-background-color has-background\">\u00daltimos Artigos<\/p>\n\n\n\n<div class=\"wp-block-query is-layout-flow wp-block-query-is-layout-flow\"><\/div>\n\n\n\n<h2 class=\"wp-block-heading\">Compara\u00e7\u00f5es em Destaque<\/h2>\n\n\n\n<div class=\"wp-block-query is-layout-flow wp-block-query-is-layout-flow\"><\/div>\n\n\n\n<div class=\"wp-block-query is-layout-flow wp-block-query-is-layout-flow\"><\/div>\n\n\n\n<p><\/p>\n","protected":false},"excerpt":{"rendered":"<p>\u00daltimos Artigos Compara\u00e7\u00f5es em Destaque<\/p>\n","protected":false},"author":1,"featured_media":0,"parent":0,"menu_order":0,"comment_status":"closed","ping_status":"closed","template":"","meta":{"_uag_custom_page_level_css":"","footnotes":""},"class_list":["post-10","page","type-page","status-publish"],"featured_image_src":null,"uagb_featured_image_src":{"full":false,"thumbnail":false,"medium":false,"medium_large":false,"large":false,"1536x1536":false,"2048x2048":false},"uagb_author_info":{"display_name":"jjwykpuk","author_link":"https:\/\/analiseecompare.com.br\/?author=1"},"uagb_comment_info":0,"uagb_excerpt":"\u00daltimos Artigos Compara\u00e7\u00f5es em Destaque","_links":{"self":[{"href":"https:\/\/analiseecompare.com.br\/index.php?rest_route=\/wp\/v2\/pages\/10","targetHints":{"allow":["GET"]}}],"collection":[{"href":"https:\/\/analiseecompare.com.br\/index.php?rest_route=\/wp\/v2\/pages"}],"about":[{"href":"https:\/\/analiseecompare.com.br\/index.php?rest_route=\/wp\/v2\/types\/page"}],"author":[{"embeddable":true,"href":"https:\/\/analiseecompare.com.br\/index.php?rest_route=\/wp\/v2\/users\/1"}],"replies":[{"embeddable":true,"href":"https:\/\/analiseecompare.com.br\/index.php?rest_route=%2Fwp%2Fv2%2Fcomments&post=10"}],"version-history":[{"count":4,"href":"https:\/\/analiseecompare.com.br\/index.php?rest_route=\/wp\/v2\/pages\/10\/revisions"}],"predecessor-version":[{"id":21,"href":"https:\/\/analiseecompare.com.br\/index.php?rest_route=\/wp\/v2\/pages\/10\/revisions\/21"}],"wp:attachment":[{"href":"https:\/\/analiseecompare.com.br\/index.php?rest_route=%2Fwp%2Fv2%2Fmedia&parent=10"}],"curies":[{"name":"wp","href":"https:\/\/api.w.org\/{rel}","templated":true}]}}